{"id":3099,"date":"2022-02-09T16:50:07","date_gmt":"2022-02-09T16:50:07","guid":{"rendered":"https:\/\/bec.com.pt\/?page_id=3099"},"modified":"2024-03-11T11:44:14","modified_gmt":"2024-03-11T11:44:14","slug":"cookies","status":"publish","type":"page","link":"https:\/\/bec.com.pt\/fr\/cookies\/","title":{"rendered":"Politique de Cookies"},"content":{"rendered":"<h1><strong>Politique de Cookies<\/strong><\/h1>\n<p>&nbsp;<\/p>\n<p><strong>Politique de Cookies<\/strong><\/p>\n<p>Esta Pol\u00edtica de Cookies \u00e9 parte integrante da Pol\u00edtica de Privacidade do Website http:\/\/bec.com.pt\u00a0(doravante denominado &#8220;Website&#8221;).<br \/>\nL'acc\u00e8s et la navigation sur le site web ou l'utilisation de ses services impliquent l'acceptation des termes et des conditions figurant dans la Politique de confidentialit\u00e9.<\/p>\n<p>Afin de faciliter et d'offrir une meilleure exp\u00e9rience de navigation sur le site web, la soci\u00e9t\u00e9 BEC - BRAGA, EQUIPAMENTOS DE CONSTRU\u00c7\u00c3O LDA, N\u00b0 de SIREN 503594849, sise Parque Industrial de Celeir\u00f3s - 2\u00b0 Fase, Rua de Gal\u00e3o, lote 7\/8, 4705 Aveleda, Braga, tient \u00e0 informer qu'elle utilise des cookies ou d'autres fichiers aux fonctionnalit\u00e9s similares (ci-apr\u00e8s d\u00e9nomm\u00e9s les cookies). En raison du mode de fonctionnement des standards de comunication sur Internet, l'acc\u00e8s aux sites web peut impliquer l'utilisation de cookies. BEC - BRAGA, EQUIPAMENTOS DE CONSTRU\u00c7\u00c3O LDA (ci-apr\u00e8s d\u00e9nomm\u00e9e BEC) est responsable des cookies et du traitement des donn\u00e9es obtenues \u00e0 travers les cookies, aussi bien propres que de tiers, sur son site web et d\u00e9cide les finalit\u00e9s, les contenus et l'usage du traitement des donn\u00e9es collect\u00e9es.<\/p>\n<p><strong>Qu'est-ce qu'un cookie?<\/strong><\/p>\n<p>Les cookies sont des archives contenant de petites quantit\u00e9s d'informations d\u00e9pos\u00e9es sur le dispositif de l'utilisateur lorsque celui-ci visite un site web. L'objectif principal est de reconna\u00eetre l'utilisateur \u00e0 chaque fois qu'il acc\u00e8de au site web, tout en permettant d'am\u00e9liorer a qualit\u00e9 et d'offrir une meilleure exp\u00e9rience d'utilisation du site web afin de simplifier la navigation. Les cookies sont essentiels au fonctionnement d'internet; ils ne portent pas pr\u00e9judice \u00e0 l'\u00e9quipement ou au dispositif de l'utilisateur et, lorsqu'ils sont activ\u00e9s dans la configuration de votre navigateur, aident \u00e0 identifier et r\u00e9soudre d'\u00e9ventuelles erreurs dans le fonctionnement du site web.<\/p>\n<p><strong>Utilisation de cookies par BEC<\/strong><\/p>\n<p>Lorsqu'il acc\u00e8de au site web, l'utilisateur accepte express\u00e9ment l'utilisation de ce type de cookies dans ses dispositifs. En d\u00e9sactivant les cookies, la navigation sur e site web pourra ne pas \u00eatre optimis\u00e9e et certaines fonctionnalit\u00e9s du site web pourront ne pas fonctionner de mani\u00e8re ad\u00e9quate. Plus sp\u00e9cifiquement, BEC utilise des cookies aux fins identifi\u00e9es cl-dessous. Dans le cas o\u00f9 BEC viendrait \u00e0 utiliser d'autres cookies afin de fournir de meilleurs et de plus nombreux services, l'utilisateur en sera d\u00fbment inform\u00e9.<\/p>\n<p>Les cookies stock\u00e9s dans le site web sont de trois types: Cookies simples: ce sont les cookles n\u00e9cessaires au fonctionnement efficace du site web, ils enregistrent le parcours de 'utilisateur pendant sa visite sans l'identifier et sont supprim\u00e9s automatiquement lorsque\ncelui-ci quitte le site web; Cookies persistants: ce sont des cookies qui ne sont pas essentiels au fonctionnement du site web, mais qui permettent d'identifier les utilisateurs \u00e0 chaque fois qu'ils acc\u00e8dent aux pages, en optimisant leur exp\u00e9rience de navigation. Avec ces cookies, un num\u00e9ro unique qui l'identifie lorsqu'il acc\u00e8de au site web est attribu\u00e9 \u00e0 l'utilisateur. Les cookies persistants restent das l'ordinateur jusqu'\u00e0 ce que l'utilisateur les supprime; Autres cookies ou cookies de tiers : ce sont les cookies d\u00e9pos\u00e9s habituellement par des sites web de tiers ayant la permission du site web afin de rappeler \u00e0 celui-ci que l'utilisateur a d\u00e9j\u00e0 visit\u00e9 ce site web.<\/p>\n<p><strong>Configuration de l'utilisateur pour \u00e9viter les cookies<\/strong><\/p>\n<p>D'apr\u00e8s a l\u00e9gislation en vigueur, des informations sont fournies concernant la fa\u00e7on dont l'utilisateur peut configurer son navigateur pour g\u00e9rer et conserver sa confidentialit\u00e9 et sa s\u00e9curit\u00e9 en mati\u00e8re de cookies, \u00e0 travers la mise \u00e0 disposition de liens vers les sites web d'assistance officielle des principaux navigateurs pour pouvoir d\u00e9cider de l'acceptation ou non des cookies. Nous consid\u00e9rons que l'utilisateur accepte l'utilisation de cookies s'il poursuit la navigation sur ce site web sans les avoir d\u00e9sactiv\u00e9s pr\u00e9c\u00e9demment. Les diff\u00e9rents navigateurs permettent de visualiser les cookies pr\u00e9sents sur votre \u00e9quipement et d'emp\u00eacher ou de supprimer, individuellement ou totalement, les cookies. Pour en savoir plus sur les cookies et leur utilisation, ainsi que sur la fa\u00e7on de g\u00e9rer vos pr\u00e9f\u00e9rences de cookies, vous pourrez consulter les sites web d'aide sp\u00e9cifique des diff\u00e9rents navigateurs ou les sites g\u00e9n\u00e9riques sur ce th\u00e8me, tels que:<\/p>\n<p>https:\/\/www.allaboutcookies.org<br \/>\nhttps:\/\/www.microsoft.com\/info\/cookies.mspx<\/p>\n<p><strong>Chrome:\u00a0<\/strong>https:\/\/support.google.com\/chrome\/answer\/95647?hl-pt<br \/>\n<strong>Internet Explorer:\u00a0<\/strong>https:\/\/support.microsoft.com\/pt-pt\/help\/17442\/windows-internet-explorer-delete-manage-cookies#ie=ie-10<br \/>\n<strong>Edge: <\/strong>https:\/\/privacy.microsoft.com\/en-us\/windows-10-microsoft-edge-and-privacy<br \/>\n<strong>Mozila Firefox:<\/strong> https:\/\/support.mozilla.org\/pt-PT\/kb\/ativar-e-desativar-cookies-que-os-Websites-utiliza<br \/>\n<strong>Apple:<\/strong> https:\/\/support.apple.com\/kb\/PH17191?locale=en_US&amp;viewlocale=pt_PT<br \/>\n<strong>Opera:<\/strong> https:\/\/support.apple.com\/kb\/PH17191?locale=en_US&amp;viewlocale=pt_PT<br \/>\n<strong>Safari:<\/strong> http:\/\/support.apple.com\/kb\/HT1677?viewlocale=es_ES<\/p>","protected":false},"excerpt":{"rendered":"<p>Pol\u00edtica de Cookies &nbsp; Pol\u00edtica de Cookies Esta Pol\u00edtica de Cookies \u00e9 parte integrante da Pol\u00edtica de Privacidade do Website http:\/\/bec.com.pt\u00a0(doravante denominado &#8220;Website&#8221;). O acesso e navega\u00e7\u00e3o no Website ou&#8230;<\/p>","protected":false},"author":1,"featured_media":0,"parent":0,"menu_order":0,"comment_status":"closed","ping_status":"closed","template":"","meta":{"footnotes":""},"class_list":["post-3099","page","type-page","status-publish"],"_links":{"self":[{"href":"https:\/\/bec.com.pt\/fr\/wp-json\/wp\/v2\/pages\/3099","targetHints":{"allow":["GET"]}}],"collection":[{"href":"https:\/\/bec.com.pt\/fr\/wp-json\/wp\/v2\/pages"}],"about":[{"href":"https:\/\/bec.com.pt\/fr\/wp-json\/wp\/v2\/types\/page"}],"author":[{"embeddable":true,"href":"https:\/\/bec.com.pt\/fr\/wp-json\/wp\/v2\/users\/1"}],"replies":[{"embeddable":true,"href":"https:\/\/bec.com.pt\/fr\/wp-json\/wp\/v2\/comments?post=3099"}],"version-history":[{"count":2,"href":"https:\/\/bec.com.pt\/fr\/wp-json\/wp\/v2\/pages\/3099\/revisions"}],"predecessor-version":[{"id":3101,"href":"https:\/\/bec.com.pt\/fr\/wp-json\/wp\/v2\/pages\/3099\/revisions\/3101"}],"wp:attachment":[{"href":"https:\/\/bec.com.pt\/fr\/wp-json\/wp\/v2\/media?parent=3099"}],"curies":[{"name":"wp","href":"https:\/\/api.w.org\/{rel}","templated":true}]}}