{"id":2132,"date":"2022-01-16T17:45:21","date_gmt":"2022-01-16T17:45:21","guid":{"rendered":"https:\/\/bec.com.pt\/?page_id=2132"},"modified":"2024-05-20T12:08:47","modified_gmt":"2024-05-20T12:08:47","slug":"a-historia-da-bec","status":"publish","type":"page","link":"https:\/\/bec.com.pt\/fr\/l-histoire-de-bec\/","title":{"rendered":"A Hist\u00f3ria da BEC"},"content":{"rendered":"<div id=\"fws_69f5c9a59a171\"  data-column-margin=\"default\" data-midnight=\"dark\" data-top-percent=\"5%\"  class=\"wpb_row vc_row-fluid vc_row full-width-section\"  style=\"padding-top: calc(100vw * 0.05); padding-bottom: 0px; \"><div class=\"row-bg-wrap\" data-bg-animation=\"none\" data-bg-animation-delay=\"\" data-bg-overlay=\"false\"><div class=\"inner-wrap row-bg-layer\" ><div class=\"row-bg viewport-desktop using-bg-color\"  style=\"background-color: #ffffff; \"><\/div><\/div><div class=\"row-bg-overlay row-bg-layer\" style=\"background:linear-gradient(-90deg, rgb(242, 218, 200) 0%, rgb(255,255,255) 48%);\"><\/div><\/div><div class=\"row_col_wrap_12 col span_12 dark left\">\n\t<div  class=\"vc_col-sm-12 wpb_column column_container vc_column_container col has-animation no-extra-padding inherit_tablet inherit_phone\"  data-padding-pos=\"all\" data-has-bg-color=\"false\" data-bg-color=\"\" data-bg-opacity=\"1\" data-animation=\"fade-in-from-bottom\" data-delay=\"0\" >\n\t\t<div class=\"vc_column-inner\" >\n\t\t\t<div class=\"wpb_wrapper\">\n\t\t\t\t<div id=\"fws_69f5c9a59afcf\" data-midnight=\"\" data-column-margin=\"90px\" class=\"wpb_row vc_row-fluid vc_row inner_row\"  style=\"\"><div class=\"row-bg-wrap\"> <div class=\"row-bg\" ><\/div> <\/div><div class=\"row_col_wrap_12_inner col span_12  left\">\n\t<div  class=\"vc_col-sm-8 wpb_column column_container vc_column_container col child_column has-animation padding-3-percent inherit_tablet inherit_phone\"   data-padding-pos=\"top-bottom\" data-has-bg-color=\"false\" data-bg-color=\"\" data-bg-opacity=\"1\" data-animation=\"fade-in-from-bottom\" data-delay=\"0\" >\n\t\t<div class=\"vc_column-inner\" >\n\t\t<div class=\"wpb_wrapper\">\n\t\t\t<div class=\"nectar-highlighted-text\" data-style=\"half_text\" data-exp=\"default\" data-user-color=\"true\" style=\"color: #003b51;\" data-using-custom-color=\"true\" data-animation-delay=\"false\" data-color=\"#003b51\" data-color-gradient=\"rgba(255,107,48,0.01)\"><h1>L'histoire de BEC<\/h1>\n<\/div><div class=\"divider-wrap\" data-alignment=\"default\"><div style=\"height: 25px;\" class=\"divider\"><\/div><\/div>\n<div class=\"wpb_text_column wpb_content_element  vc_custom_1647011107074\" >\n\t<div class=\"wpb_wrapper\">\n\t\t<p>BEC est issu de la n\u00e9cessit\u00e9 de r\u00e9pondre \u00e0 un concept peu d\u00e9velopp\u00e9 en 1996: l'agencement int\u00e9rieur contemplant une solution globale.<br \/>\nC'est ce positionnement qui a suscit\u00e9 un int\u00e9r\u00eat particulier de la part des architectes nationaux et internationaux. Cette confiance d\u00e9pos\u00e9e par les clients et les partenaires est maintenue depuis plus de 25 ans, ce dont BEC est extr\u00eamement fier.<\/p>\n\t<\/div>\n<\/div>\n\n\n\n\n<div class=\"wpb_text_column wpb_content_element  vc_custom_1644430173719\" >\n\t<div class=\"wpb_wrapper\">\n\t\t<p>B\u00e9n\u00e9ficiant de la situation g\u00e9ographique de ses installations \u00e0 Braga, dans le nord du Portugal, et des liens \u00e9troits qu\u2019elle entretient avec les artisans les plus qualifi\u00e9s, BEC dispose de solides partenariats et des participations dans des entreprises de divers secteurs, notamment l'\u00e9lectricit\u00e9, la climatisation, la serrurerie d\u00e9corative, le marbre et les pierres naturelles, ce qui permet de r\u00e9pondre aux d\u00e9fis les plus exigeants.<\/p>\n<p>La croissance de l'entreprise s'est bas\u00e9e, les premi\u00e8res ann\u00e9es, sur le secteur du retail, co\u00efncidant avec l'expansion des centres commerciaux au Portugal. L\u2019exp\u00e9rience dans ce secteur a induit au sein de l'entreprise une conscience de l\u2019importance du respect des d\u00e9lais et une grande attention aux d\u00e9tails. En 2010, la strat\u00e9gie de BEC a pris une nouvelle orientation, se concentrant d\u00e9sormais \u00e9galement sur le r\u00e9sidentiel et l'h\u00f4tellerie. Cette croissance a renforc\u00e9 l'expansion et l'internationalisation de l'entreprise et a permis le d\u00e9veloppement de d\u00e9partements sp\u00e9cialis\u00e9s, lesquels ont donn\u00e9 naissance \u00e0 de nouvelles structures ind\u00e9pendantes, \u00e0 savoir BEC-Carpintaria (menuiserie), BEC-Climatisation (AVAC), BEC France et ConstruBEC au Maroc, ainsi qu'un nouveau d\u00e9partement d'assistance technique qui \u00e9tend la relation avec le client au-del\u00e0 de la livraison du projet, assurant un service unique.<\/p>\n<p>Au fil des ans, BEC a conquis des clients en Europe et dans d'autres parties du monde et est devenue l\u2019une des options pr\u00e9f\u00e9rentielles pour l'ex\u00e9cution et la gestion de projet d'am\u00e9nagement int\u00e9rieur. Raison pour laquelle des succursales ont \u00e9t\u00e9 cr\u00e9\u00e9es en France, au Royaume-Uni et au Maroc, afin de  r\u00e9pondre aux besoins administratifs et pour \u00eatre plus proche des op\u00e9rations internationales.<\/p>\n\t<\/div>\n<\/div>\n\n\n\n\n\t\t<\/div> \n\t<\/div>\n\t<\/div> \n\n\t<div style=\" color: #8f511f;\" class=\"vc_col-sm-4 wpb_column column_container vc_column_container col child_column has-animation padding-3-percent bottom_margin_phone_7pct inherit_tablet inherit_phone\" data-cfc=\"true\"  data-padding-pos=\"top-bottom\" data-has-bg-color=\"false\" data-bg-color=\"\" data-bg-opacity=\"1\" data-animation=\"fade-in-from-bottom\" data-delay=\"100\" >\n\t\t<div class=\"vc_column-inner\" >\n\t\t<div class=\"wpb_wrapper\">\n\t\t\t<div class=\"divider-wrap height_tablet_10px\" data-alignment=\"default\"><div style=\"height: 100px;\" class=\"divider\"><\/div><\/div><div class=\"nectar-hor-list-item\" data-hover-effect=\"none\" data-br=\"0px\" data-font-family=\"p\" data-color=\"accent-color\" data-columns=\"2\" data-column-layout=\"xsmall_first\"><div class=\"nectar-list-item\" data-icon=\"false\" data-text-align=\"left\">1996<\/div><div class=\"nectar-list-item\" data-text-align=\"left\"><h5>Cr\u00e9ation de BEC<\/h5><\/div><\/div><div class=\"nectar-hor-list-item\" data-hover-effect=\"none\" data-br=\"0px\" data-font-family=\"p\" data-color=\"accent-color\" data-columns=\"2\" data-column-layout=\"xsmall_first\"><div class=\"nectar-list-item\" data-icon=\"false\" data-text-align=\"left\">2001<\/div><div class=\"nectar-list-item\" data-text-align=\"left\"><h5>Premier projet international<\/h5><\/div><\/div><div class=\"nectar-hor-list-item\" data-hover-effect=\"none\" data-br=\"0px\" data-font-family=\"p\" data-color=\"accent-color\" data-columns=\"2\" data-column-layout=\"xsmall_first\"><div class=\"nectar-list-item\" data-icon=\"false\" data-text-align=\"left\">2007<\/div><div class=\"nectar-list-item\" data-text-align=\"left\"><h5>Arriv\u00e9e sur le march\u00e9 anglais<\/h5><\/div><\/div><div class=\"nectar-hor-list-item\" data-hover-effect=\"none\" data-br=\"0px\" data-font-family=\"p\" data-color=\"accent-color\" data-columns=\"2\" data-column-layout=\"xsmall_first\"><div class=\"nectar-list-item\" data-icon=\"false\" data-text-align=\"left\">2008<\/div><div class=\"nectar-list-item\" data-text-align=\"left\"><h5>Nouvelles installations et d'une unit\u00e9 de fabrication de 3.500 m\u00b2<\/h5><\/div><\/div><div class=\"nectar-hor-list-item\" data-hover-effect=\"none\" data-br=\"0px\" data-font-family=\"p\" data-color=\"accent-color\" data-columns=\"2\" data-column-layout=\"xsmall_first\"><div class=\"nectar-list-item\" data-icon=\"false\" data-text-align=\"left\">2008<\/div><div class=\"nectar-list-item\" data-text-align=\"left\"><h5>Certification par la norme NP EN ISO 9001<\/h5><\/div><\/div><div class=\"nectar-hor-list-item\" data-hover-effect=\"none\" data-br=\"0px\" data-font-family=\"p\" data-color=\"accent-color\" data-columns=\"2\" data-column-layout=\"xsmall_first\"><div class=\"nectar-list-item\" data-icon=\"false\" data-text-align=\"left\">2010<\/div><div class=\"nectar-list-item\" data-text-align=\"left\"><h5>Arriv\u00e9e sur le march\u00e9 fran\u00e7ais<\/h5><\/div><\/div><div class=\"nectar-hor-list-item\" data-hover-effect=\"none\" data-br=\"0px\" data-font-family=\"p\" data-color=\"accent-color\" data-columns=\"2\" data-column-layout=\"xsmall_first\"><div class=\"nectar-list-item\" data-icon=\"false\" data-text-align=\"left\">2014<\/div><div class=\"nectar-list-item\" data-text-align=\"left\"><h5>Arriv\u00e9e sur le march\u00e9 marocain<\/h5><\/div><\/div><div class=\"nectar-hor-list-item\" data-hover-effect=\"none\" data-br=\"0px\" data-font-family=\"p\" data-color=\"accent-color\" data-columns=\"2\" data-column-layout=\"xsmall_first\"><div class=\"nectar-list-item\" data-icon=\"false\" data-text-align=\"left\">2015<\/div><div class=\"nectar-list-item\" data-text-align=\"left\"><h5>Cr\u00e9ation de BEC France, avec des bureaux \u00e0 Paris<\/h5><\/div><\/div><div class=\"nectar-hor-list-item\" data-hover-effect=\"none\" data-br=\"0px\" data-font-family=\"p\" data-color=\"accent-color\" data-columns=\"2\" data-column-layout=\"xsmall_first\"><div class=\"nectar-list-item\" data-icon=\"false\" data-text-align=\"left\">2015<\/div><div class=\"nectar-list-item\" data-text-align=\"left\"><h5>Cr\u00e9ation de ConstruBEC au Maroc<\/h5><\/div><\/div><div class=\"nectar-hor-list-item\" data-hover-effect=\"none\" data-br=\"0px\" data-font-family=\"p\" data-color=\"accent-color\" data-columns=\"2\" data-column-layout=\"xsmall_first\"><div class=\"nectar-list-item\" data-icon=\"false\" data-text-align=\"left\">2015<\/div><div class=\"nectar-list-item\" data-text-align=\"left\"><h5>D\u00e9but du partenariat avec AD Int\u00e9rieurs<\/h5><\/div><\/div><div class=\"nectar-hor-list-item\" data-hover-effect=\"none\" data-br=\"0px\" data-font-family=\"p\" data-color=\"accent-color\" data-columns=\"2\" data-column-layout=\"xsmall_first\"><div class=\"nectar-list-item\" data-icon=\"false\" data-text-align=\"left\">2019<\/div><div class=\"nectar-list-item\" data-text-align=\"left\"><h5>Ouverture d'une succursale \u00e0 Londres, au Royaume-Uni<\/h5><\/div><\/div>\n\t\t<\/div> \n\t<\/div>\n\t<\/div> \n<\/div><\/div>\n\t\t\t<\/div> \n\t\t<\/div>\n\t<\/div> \n<\/div><\/div>\n\t\t<div id=\"fws_69f5c9a59fbd0\"  data-column-margin=\"none\" data-midnight=\"dark\" data-top-percent=\"2%\"  class=\"wpb_row vc_row-fluid vc_row full-width-content vc_row-o-equal-height vc_row-flex vc_row-o-content-top parallax_section right_padding_7pct left_padding_7pct right_padding_tablet_17pct right_padding_phone_14pct left_padding_tablet_17pct left_padding_phone_14pct top_margin_tablet_15pct top_margin_phone_15pct\"  style=\"padding-top: calc(100vw * 0.02); padding-bottom: 0px; \"><div class=\"row-bg-wrap\" data-bg-animation=\"none\" data-bg-animation-delay=\"\" data-bg-overlay=\"false\"><div class=\"inner-wrap row-bg-layer\" ><div class=\"row-bg viewport-desktop\" data-parallax-speed=\"fast\" style=\"\"><\/div><\/div><div class=\"row-bg-overlay row-bg-layer\" style=\"\"><\/div><\/div><div class=\"row_col_wrap_12 col span_12 dark left\">\n\t<div  class=\"vc_col-sm-6 wpb_column column_container vc_column_container col no-extra-padding el_spacing_0px inherit_tablet inherit_phone\"  data-padding-pos=\"all\" data-has-bg-color=\"false\" data-bg-color=\"\" data-bg-opacity=\"1\" data-animation=\"\" data-delay=\"0\" data-scroll-animation=\"true\" data-scroll-animation-movement=\"default\" data-scroll-animation-mobile=\"\" data-scroll-animation-intensity=\"1\" >\n\t\t<div class=\"vc_column-inner\" >\n\t\t\t<div class=\"wpb_wrapper\">\n\t\t\t\t<div id=\"fws_69f5c9a5a07c1\" data-midnight=\"\" data-column-margin=\"none\" class=\"wpb_row vc_row-fluid vc_row inner_row  bottom_padding_tablet_8pct\"  style=\"\"><div class=\"row-bg-wrap\"> <div class=\"row-bg\" ><\/div> <\/div><div class=\"row_col_wrap_12_inner col span_12  left\">\n\t<div style=\"\" class=\"vc_col-sm-12 wpb_column column_container vc_column_container col child_column no-extra-padding inherit_tablet inherit_phone\"  data-using-bg=\"true\" data-bg-cover=\"true\" data-padding-pos=\"all\" data-has-bg-color=\"false\" data-bg-color=\"\" data-bg-opacity=\"1\" data-animation=\"\" data-delay=\"0\" >\n\t\t<div class=\"vc_column-inner\" ><div class=\"column-image-bg-wrap column-bg-layer viewport-desktop\" data-bg-pos=\"center center\" data-bg-animation=\"none\" data-bg-overlay=\"false\"><div class=\"inner-wrap\"><div class=\"column-image-bg\" style=\" background-image: url('https:\/\/bec.com.pt\/wp-content\/uploads\/2022\/02\/2019_CSMRDC_SAINTTROPEZ_141.jpg'); \"><\/div><\/div><\/div>\n\t\t<div class=\"wpb_wrapper\">\n\t\t\t<div class=\"divider-wrap height_tablet_400px\" data-alignment=\"default\"><div style=\"height: 80vh;\" class=\"divider\"><\/div><\/div>\n\t\t<\/div> \n\t<\/div>\n\t<\/div> \n<\/div><\/div><div id=\"fws_69f5c9a5a2169\" data-midnight=\"\" data-column-margin=\"default\" class=\"wpb_row vc_row-fluid vc_row inner_row  top_padding_tablet_0px top_padding_phone_0px\"  style=\"padding-bottom: 8px; \"><div class=\"row-bg-wrap\"> <div class=\"row-bg\" ><\/div> <\/div><div class=\"row_col_wrap_12_inner col span_12  left\">\n\t<div style=\" color: #8f511f;margin-top: 8%; \" class=\"vc_col-sm-12 wpb_column column_container vc_column_container col child_column no-extra-padding inherit_tablet inherit_phone\" data-cfc=\"true\"  data-padding-pos=\"all\" data-has-bg-color=\"false\" data-bg-color=\"\" data-bg-opacity=\"1\" data-animation=\"\" data-delay=\"0\" >\n\t\t<div class=\"vc_column-inner\" >\n\t\t<div class=\"wpb_wrapper\">\n\t\t\t\n<div class=\"wpb_text_column wpb_content_element\" >\n\t<div class=\"wpb_wrapper\">\n\t\t<h5>Le fondateur de BEC<\/h5>\n\t<\/div>\n<\/div>\n\n\n\n\n\t\t<\/div> \n\t<\/div>\n\t<\/div> \n<\/div><\/div><div id=\"fws_69f5c9a5a2bfd\" data-midnight=\"\" data-column-margin=\"default\" class=\"wpb_row vc_row-fluid vc_row inner_row\"  style=\"\"><div class=\"row-bg-wrap\"> <div class=\"row-bg\" ><\/div> <\/div><div class=\"row_col_wrap_12_inner col span_12  left\">\n\t<div  class=\"vc_col-sm-12 wpb_column column_container vc_column_container col child_column no-extra-padding el_spacing_0px inherit_tablet inherit_phone\"   data-padding-pos=\"all\" data-has-bg-color=\"false\" data-bg-color=\"\" data-bg-opacity=\"1\" data-animation=\"\" data-delay=\"0\" >\n\t\t<div class=\"vc_column-inner\" >\n\t\t<div class=\"wpb_wrapper\">\n\t\t\t<div class=\"nectar-highlighted-text font_size_2.5vw\" data-style=\"half_text\" data-exp=\"default\" data-user-color=\"true\" style=\"color: #003b51;\" data-using-custom-color=\"true\" data-animation-delay=\"false\" data-color=\"#003b51\" data-color-gradient=\"rgba(255,107,48,0.01)\"><h1>Paulo Baptista<\/h1>\n<\/div>\n\t\t<\/div> \n\t<\/div>\n\t<\/div> \n<\/div><\/div><div id=\"fws_69f5c9a5a39dd\" data-midnight=\"\" data-column-margin=\"default\" class=\"wpb_row vc_row-fluid vc_row inner_row  bottom_padding_phone_12pct\"  style=\"padding-top: 2%;  z-index: 100;\"><div class=\"row-bg-wrap\"> <div class=\"row-bg\" ><\/div> <\/div><div class=\"row_col_wrap_12_inner col span_12  left\">\n\t<div  class=\"vc_col-sm-12 wpb_column column_container vc_column_container col child_column has-animation no-extra-padding inherit_tablet inherit_phone\"   data-padding-pos=\"all\" data-has-bg-color=\"false\" data-bg-color=\"\" data-bg-opacity=\"1\" data-animation=\"fade-in-from-bottom\" data-delay=\"0\" >\n\t\t<div class=\"vc_column-inner\" >\n\t\t<div class=\"wpb_wrapper\">\n\t\t\t<div class=\"nectar-split-heading  font_line_height_1-7\" data-align=\"default\" data-m-align=\"inherit\" data-text-effect=\"none\" data-animation-type=\"line-reveal-by-space\" data-animation-delay=\"0\" data-animation-offset=\"\" data-m-rm-animation=\"\" data-stagger=\"\" data-custom-font-size=\"false\" ><p >En 1996, Paulo Baptista, ing\u00e9nieur de formation et fils d'\u00e9b\u00e9niste, apr\u00e8s cinq ans d'exp\u00e9rience dans le secteur de la construction, a fond\u00e9 une entreprise capable de proposer des projets cl\u00e9s en main avec d\u00e9coration et mobilier inclus, en combinant sa passion pour l'architecture d'int\u00e9rieur et sa formation acad\u00e9mique. C'est ainsi que BEC est n\u00e9e.<\/p>\n<p>Outre la cr\u00e9ation de sa propre entreprise, Paulo Baptista s'est alli\u00e9 \u00e0 des partenaires strat\u00e9giques et a pris des participations dans des soci\u00e9t\u00e9s actives dans les domaines de l'\u00e9lectricit\u00e9, de la climatisation, de la serrurerie d\u00e9corative, du marbre et de la pierre naturelle. Afin de r\u00e9pondre aux crit\u00e8res de qualit\u00e9s \u00e9lev\u00e9es exig\u00e9es par les clients, il s'est rendu compte que BEC devait disposer de sa propre unit\u00e9 de menuiserie afin de ma\u00eetriser toutes les \u00e9tapes de la production. Du m\u00e9tier de son p\u00e8re, il a appris l'importance des d\u00e9tails, et de son exp\u00e9rience dans la construction, l'importance des d\u00e9lais et la capacit\u00e9 de les respecter.<\/p>\n<p>Les grandes marques de mode, les restaurants et les architectes appr\u00e9cient avant tout sa comp\u00e9tence dans tous les domaines, le respect des d\u00e9lais et des budgets. On affectionne aussi beaucoup sa transparence, sa fiabilit\u00e9 et sa flexibilit\u00e9, qui sont quelques-unes des qualit\u00e9s souvent \u00e9voqu\u00e9es par les architectes d'int\u00e9rieur qui choisissent BEC.<\/p><\/div>\n\t\t<\/div> \n\t<\/div>\n\t<\/div> \n<\/div><\/div>\n\t\t\t<\/div> \n\t\t<\/div>\n\t<\/div> \n\n\t<div  class=\"vc_col-sm-6 wpb_column column_container vc_column_container col padding-14-percent no-extra-padding_tablet no-extra-padding_phone\"  data-padding-pos=\"left\" data-has-bg-color=\"false\" data-bg-color=\"\" data-bg-opacity=\"1\" data-animation=\"\" data-delay=\"0\" data-scroll-animation=\"true\" data-scroll-animation-movement=\"default\" data-scroll-animation-mobile=\"\" data-scroll-animation-intensity=\"2-5\" >\n\t\t<div class=\"vc_column-inner\" >\n\t\t\t<div class=\"wpb_wrapper\">\n\t\t\t\t<div id=\"fws_69f5c9a5a4c4c\" data-midnight=\"\" data-column-margin=\"default\" class=\"wpb_row vc_row-fluid vc_row inner_row  top_padding_tablet_12pct top_padding_phone_0px\"  style=\"padding-bottom: 8px; \"><div class=\"row-bg-wrap\"> <div class=\"row-bg\" ><\/div> <\/div><div class=\"row_col_wrap_12_inner col span_12  left\">\n\t<div style=\" color: #8f511f;\" class=\"vc_col-sm-12 wpb_column column_container vc_column_container col child_column no-extra-padding inherit_tablet inherit_phone\" data-cfc=\"true\"  data-padding-pos=\"all\" data-has-bg-color=\"false\" data-bg-color=\"\" data-bg-opacity=\"1\" data-animation=\"\" data-delay=\"0\" >\n\t\t<div class=\"vc_column-inner\" >\n\t\t<div class=\"wpb_wrapper\">\n\t\t\t\n<div class=\"wpb_text_column wpb_content_element\" >\n\t<div class=\"wpb_wrapper\">\n\t\t<h5>Des solutions<\/h5>\n\t<\/div>\n<\/div>\n\n\n\n\n\t\t<\/div> \n\t<\/div>\n\t<\/div> \n<\/div><\/div><div id=\"fws_69f5c9a5a5663\" data-midnight=\"\" data-column-margin=\"default\" class=\"wpb_row vc_row-fluid vc_row inner_row\"  style=\"\"><div class=\"row-bg-wrap\"> <div class=\"row-bg\" ><\/div> <\/div><div class=\"row_col_wrap_12_inner col span_12  left\">\n\t<div  class=\"vc_col-sm-12 wpb_column column_container vc_column_container col child_column no-extra-padding el_spacing_0px inherit_tablet inherit_phone\"   data-padding-pos=\"all\" data-has-bg-color=\"false\" data-bg-color=\"\" data-bg-opacity=\"1\" data-animation=\"\" data-delay=\"0\" >\n\t\t<div class=\"vc_column-inner\" >\n\t\t<div class=\"wpb_wrapper\">\n\t\t\t<div class=\"nectar-highlighted-text font_size_2.5vw\" data-style=\"half_text\" data-exp=\"default\" data-user-color=\"true\" style=\"color: #003b51;\" data-using-custom-color=\"true\" data-animation-delay=\"false\" data-color=\"#003b51\" data-color-gradient=\"rgba(255,107,48,0.01)\"><h1>Authentiques et exclusives<\/h1>\n<\/div>\n\t\t<\/div> \n\t<\/div>\n\t<\/div> \n<\/div><\/div><div id=\"fws_69f5c9a5a5e13\" data-midnight=\"\" data-column-margin=\"default\" class=\"wpb_row vc_row-fluid vc_row inner_row\"  style=\"padding-top: 4%;  z-index: 100;\"><div class=\"row-bg-wrap\"> <div class=\"row-bg\" ><\/div> <\/div><div class=\"row_col_wrap_12_inner col span_12  left\">\n\t<div  class=\"vc_col-sm-12 wpb_column column_container vc_column_container col child_column has-animation no-extra-padding inherit_tablet inherit_phone\"   data-padding-pos=\"all\" data-has-bg-color=\"false\" data-bg-color=\"\" data-bg-opacity=\"1\" data-animation=\"fade-in-from-bottom\" data-delay=\"0\" >\n\t\t<div class=\"vc_column-inner\" >\n\t\t<div class=\"wpb_wrapper\">\n\t\t\t<div class=\"nectar-split-heading  font_line_height_1-7\" data-align=\"default\" data-m-align=\"inherit\" data-text-effect=\"none\" data-animation-type=\"line-reveal-by-space\" data-animation-delay=\"0\" data-animation-offset=\"\" data-m-rm-animation=\"\" data-stagger=\"\" data-custom-font-size=\"false\" ><p >BEC est aujourd'hui, une entreprise certifi\u00e9e qui dispose d'une unit\u00e9 de production innovante de plus de 60 professionnels et de 3.500 m\u00b2 avec des \u00e9quipements de pointe. Le bois, le laiton, l'acier inoxydable, l'aluminium, le verre, le cuir, les tissus, l'acrylique, sont quelques-unes des mati\u00e8res premi\u00e8res soigneusement s\u00e9lectionn\u00e9es par des professionnels sp\u00e9cialis\u00e9s qui mat\u00e9rialisent les id\u00e9es et les projets d\u00e9velopp\u00e9s dans les ateliers d'architecture de r\u00e9f\u00e9rence nationale et internationale. Nous voulons sans cesse perfectionner, pr\u00e9senter chaque jour des solutions et des produits innovants, toujours dans le but de mettre en valeur la qualit\u00e9, le design et la fonctionnalit\u00e9. Les r\u00e9sultats se traduisent par l'authenticit\u00e9 et l'exclusivit\u00e9, tant au niveau des solutions et des excellentes finitions, que de la communication tout au long de chaque projet, le tout d\u00e9montrant la capacit\u00e9 de BEC \u00e0 organiser et int\u00e9grer les diff\u00e9rentes \u00e9quipes.<\/p><\/div><div class=\"divider-wrap\" data-alignment=\"default\"><div style=\"padding-top: 17px; padding-bottom: 17px;\"  class=\"divider-vertical nectar-bg-extra-color-3\"><\/div><\/div><div class=\"nectar-split-heading  font_line_height_1-7\" data-align=\"left\" data-m-align=\"inherit\" data-text-effect=\"none\" data-animation-type=\"line-reveal-by-space\" data-animation-delay=\"0\" data-animation-offset=\"\" data-m-rm-animation=\"\" data-stagger=\"\" data-custom-font-size=\"false\" ><p >Au cours des prochaines ann\u00e9es, BEC continuera \u00e0 investir dans l'innovation et l'expansion, non seulement pour les march\u00e9s internationaux, mais aussi dans de nouvelles installations de 5.500 m2 qui accueilleront le si\u00e8ge sociale de la soci\u00e9t\u00e9 et de nouvelles unit\u00e9s industrielles internes pour la menuiserie, l\u2019\u00e9b\u00e9nisterie et la serrurerie d\u00e9corative.<\/p><\/div>\n\t\t<\/div> \n\t<\/div>\n\t<\/div> \n<\/div><\/div><div id=\"fws_69f5c9a5a68d1\" data-midnight=\"\" data-column-margin=\"none\" class=\"wpb_row vc_row-fluid vc_row inner_row  bottom_padding_tablet_8pct\"  style=\"padding-top: 10%; \"><div class=\"row-bg-wrap\"> <div class=\"row-bg\" ><\/div> <\/div><div class=\"row_col_wrap_12_inner col span_12  left\">\n\t<div style=\"\" class=\"vc_col-sm-12 wpb_column column_container vc_column_container col child_column no-extra-padding inherit_tablet inherit_phone\"  data-using-bg=\"true\" data-bg-cover=\"true\" data-padding-pos=\"all\" data-has-bg-color=\"false\" data-bg-color=\"\" data-bg-opacity=\"1\" data-animation=\"\" data-delay=\"0\" >\n\t\t<div class=\"vc_column-inner\" ><div class=\"column-image-bg-wrap column-bg-layer viewport-desktop\" data-bg-pos=\"center center\" data-bg-animation=\"none\" data-bg-overlay=\"false\"><div class=\"inner-wrap\"><div class=\"column-image-bg\" style=\" background-image: url('https:\/\/bec.com.pt\/wp-content\/uploads\/2022\/02\/2020_CURA_LISBOA_048.jpg'); \"><\/div><\/div><\/div>\n\t\t<div class=\"wpb_wrapper\">\n\t\t\t<div class=\"divider-wrap height_tablet_400px\" data-alignment=\"default\"><div style=\"height: 70vh;\" class=\"divider\"><\/div><\/div>\n\t\t<\/div> \n\t<\/div>\n\t<\/div> \n<\/div><\/div>\n\t\t\t<\/div> \n\t\t<\/div>\n\t<\/div> \n<\/div><\/div>\n\t\t<div id=\"fws_69f5c9a5a7dad\"  data-column-margin=\"default\" data-midnight=\"dark\"  class=\"wpb_row vc_row-fluid vc_row\"  style=\"padding-top: 0px; padding-bottom: 0px; \"><div class=\"row-bg-wrap\" data-bg-animation=\"none\" data-bg-animation-delay=\"\" data-bg-overlay=\"false\"><div class=\"inner-wrap row-bg-layer\" ><div class=\"row-bg viewport-desktop\"  style=\"\"><\/div><\/div><\/div><div class=\"row_col_wrap_12 col span_12 dark left\">\n\t<div  class=\"vc_col-sm-12 wpb_column column_container vc_column_container col no-extra-padding inherit_tablet inherit_phone\"  data-padding-pos=\"all\" data-has-bg-color=\"false\" data-bg-color=\"\" data-bg-opacity=\"1\" data-animation=\"\" data-delay=\"0\" >\n\t\t<div class=\"vc_column-inner\" >\n\t\t\t<div class=\"wpb_wrapper\">\n\t\t\t\t\n\t\t\t<\/div> \n\t\t<\/div>\n\t<\/div> \n<\/div><\/div>","protected":false},"excerpt":{"rendered":"A hist\u00f3ria da BEC A BEC surge da necessidade em responder a um conceito pouco desenvolvido em 1996, o interiorismo e a cria\u00e7\u00e3o de solu\u00e7\u00f5es globais para os seus clientes....","protected":false},"author":1,"featured_media":0,"parent":0,"menu_order":0,"comment_status":"closed","ping_status":"closed","template":"","meta":{"footnotes":""},"class_list":["post-2132","page","type-page","status-publish"],"_links":{"self":[{"href":"https:\/\/bec.com.pt\/fr\/wp-json\/wp\/v2\/pages\/2132","targetHints":{"allow":["GET"]}}],"collection":[{"href":"https:\/\/bec.com.pt\/fr\/wp-json\/wp\/v2\/pages"}],"about":[{"href":"https:\/\/bec.com.pt\/fr\/wp-json\/wp\/v2\/types\/page"}],"author":[{"embeddable":true,"href":"https:\/\/bec.com.pt\/fr\/wp-json\/wp\/v2\/users\/1"}],"replies":[{"embeddable":true,"href":"https:\/\/bec.com.pt\/fr\/wp-json\/wp\/v2\/comments?post=2132"}],"version-history":[{"count":189,"href":"https:\/\/bec.com.pt\/fr\/wp-json\/wp\/v2\/pages\/2132\/revisions"}],"predecessor-version":[{"id":2134,"href":"https:\/\/bec.com.pt\/fr\/wp-json\/wp\/v2\/pages\/2132\/revisions\/2134"}],"wp:attachment":[{"href":"https:\/\/bec.com.pt\/fr\/wp-json\/wp\/v2\/media?parent=2132"}],"curies":[{"name":"wp","href":"https:\/\/api.w.org\/{rel}","templated":true}]}}