{"id":1476,"date":"2019-05-06T23:07:11","date_gmt":"2019-05-06T23:07:11","guid":{"rendered":"http:\/\/bec.com.pt\/?page_id=1476"},"modified":"2024-03-11T11:45:31","modified_gmt":"2024-03-11T11:45:31","slug":"privacidade","status":"publish","type":"page","link":"https:\/\/bec.com.pt\/fr\/confidentialite\/","title":{"rendered":"Privacidade"},"content":{"rendered":"<h1><strong>Pol\u00edtica de Privacidade<\/strong><\/h1>\n<p>&nbsp;<\/p>\n<p><strong>Identifica\u00e7\u00e3o dos Respons\u00e1veis pelo Tratamento<\/strong><\/p>\n<p>Nome: BEC &#8211; BRAGA, EQUIPAMENTOS DE CONSTRU\u00c7\u00c3O LDA (adiante designada como &#8220;BEC&#8221;)<br \/>\nSede: Parque Industrial de Celeir\u00f3s &#8211; 2\u00aa Fase, Rua de Gai\u00e3o, lote 7\/8, 4705, Braga<br \/>\nNIPC:503594849<br \/>\nTelefone: +351 253 607 550<br \/>\nE-mail: bec@bec.com.pt<\/p>\n<p>&nbsp;<\/p>\n<p><strong>Informa\u00e7\u00e3o e Consentimento<\/strong><\/p>\n<p>A Lei da Prote\u00e7\u00e3o de Dados Pessoais (em diante &#8220;LPDP&#8221;) e o Regulamento Geral sobre a Prote\u00e7\u00e3o de Dados\u00a0(Regulamento (UE) 2016\/679 do Parlamento Europeu e do Conselho de 27 de abril de 2016, em diante\u00a0&#8220;RGPD&#8221;) asseguram a prote\u00e7\u00e3o das pessoas singulares no que diz respeito ao tratamento de dados\u00a0pessoais e \u00e0 livre circula\u00e7\u00e3o desses dados.<\/p>\n<p>Nos termos legais consideram-se dados pessoais, qualquer &#8220;informa\u00e7\u00e3o relativa a uma pessoa singular\u00a0identificada ou identific\u00e1vel (&#8220;o titular dos dados&#8221;); \u00e9 considerada identific\u00e1vel uma pessoa singular que\u00a0possa ser identificada, direta ou indiretamente, em especial por refer\u00eancia a um identificador, como por\u00a0exemplo um nome, um n\u00famero de identifica\u00e7\u00e3o, dados de localiza\u00e7\u00e3o, identificadores por via eletr\u00f3nica ou\u00a0a um ou mais elementos espec\u00edficos da identidade f\u00edsica, fisiol\u00f3gica, gen\u00e9tica, mental, econ\u00f3mica, cultural\u00a0ou social dessa pessoa singular.&#8221;.\u00a0Mediante a aceita\u00e7\u00e3o da presente Pol\u00edtica de Privacidade o utilizador presta o seu consentimento\u00a0informado, expresso, livre e inequ\u00edvoco para os dados pessoais fornecidos atrav\u00e9s do site\u00a0http:\/\/bec.com.pt\/ serem inclu\u00eddos num ficheiro da responsabilidade da BEC, cujo tratamento nos termos\u00a0da legisla\u00e7\u00e3o sobre prote\u00e7\u00e3o de dados pessoais cumpre as medidas de seguran\u00e7a t\u00e9cnicas e organizativas adequadas.<\/p>\n<p>A BEC mant\u00e9m uma base de dados com o registo dos seus clientes composta apenas pelos dados pessoais\u00a0fornecidos pelo pr\u00f3prio titular dos dados na altura do registo, sendo estes recolhidos e processados\u00a0automaticamente pela BEC, entidade respons\u00e1vel pelo tratamento de dados pessoais.<\/p>\n<p>Em caso algum ser\u00e3o solicitados dados pessoais sobre a origem racial ou \u00e9tnica, opini\u00f5es pol\u00edticas,\u00a0convic\u00e7\u00f5es religiosas ou filos\u00f3ficas, opini\u00f5es pol\u00edticas, filia\u00e7\u00e3o sindical, dados relativos \u00e0 sa\u00fade e \u00e0 vida\u00a0sexual, dados gen\u00e9ticos, biom\u00e9tricos ou dados relativos \u00e0 vida sexual ou orienta\u00e7\u00e3o sexual.\u00a0Em caso algum a BEC levar\u00e1 a cabo qualquer uma das seguintes atividades com os dados pessoais\u00a0facultados atrav\u00e9s deste site, sem o consentimento pr\u00e9vio expresso do titular dos dados:\u00a0Ceder a outras pessoas ou outras entidades;\u00a0Transferir para fora do Espa\u00e7o Econ\u00f3mico Europeu (EEE).\u00a0Informamos que os dados do utilizador ser\u00e3o conservados somente durante o prazo necess\u00e1rio para a\u00a0concretiza\u00e7\u00e3o das finalidades que motivaram a sua recolha.<\/p>\n<p>&nbsp;<\/p>\n<p><strong>Finalidades do Tratamento de Dados Pessoais<\/strong><\/p>\n<p>Os dados pessoais que tratamos atrav\u00e9s do site identificado, ser\u00e3o unicamente utilizados para as seguintes\u00a0finalidades:\u00a0responder a pedidos de contacto e\/ou informa\u00e7\u00f5es enviados atrav\u00e9s do formul\u00e1rio dispon\u00edvel para o efeito\u00a0no Site;\u00a0A BEC garante a confidencialidade de todos os dados fornecidos. N\u00e3o obstante a BEC proceder \u00e0 recolha e\u00a0ao tratamento de dados de forma segura e que impede a sua perda ou manipula\u00e7\u00e3o, utilizando as t\u00e9cnicas\u00a0mais adequadas para o efeito, importa ter presente que a recolha de dados em redes abertas permite a\u00a0circula\u00e7\u00e3o dos dados pessoais sem condi\u00e7\u00f5es de seguran\u00e7a, havendo o risco de ser vistos e utilizados por\u00a0terceiros n\u00e3o autorizados.\u00a0A falta de resposta aos dados assinalados como obrigat\u00f3rios, implica a impossibilidade de dar resposta \u00e0\u00a0solicita\u00e7\u00e3o do titular dos dados.<\/p>\n<p>&nbsp;<\/p>\n<p><strong>Medidas de Seguran\u00e7a<\/strong><\/p>\n<p>A BEC declara que implementou e continuar\u00e1 a implementar as medidas de seguran\u00e7a de natureza t\u00e9cnica\u00a0e organizativa necess\u00e1rias para garantir a seguran\u00e7a dos dados pessoais que lhe sejam fornecidos visando\u00a0evitar a sua altera\u00e7\u00e3o, perda, tratamento e\/ou acesso n\u00e3o autorizado, tendo em conta o estado atual da\u00a0tecnologia, a natureza dos dados armazenados e os riscos a que est\u00e3o expostos.\u00a0A BEC garante a confidencialidade dos dados fornecidos atrav\u00e9s deste website. A recolha e tratamento de\u00a0dados realiza-se de forma segura e que impede a sua perda ou manipula\u00e7\u00e3o.\u00a0Os dados pessoais s\u00e3o tratados com o n\u00edvel de prote\u00e7\u00e3o legalmente exig\u00edvel para garantir a seguran\u00e7a dos\u00a0mesmos e evitar a sua altera\u00e7\u00e3o, perda, tratamento ou acesso n\u00e3o autorizado, tendo em conta o estado da\u00a0tecnologia, sendo o utilizador consciente e aceitando que as medidas de seguran\u00e7a em Internet n\u00e3o s\u00e3o\u00a0inexpugn\u00e1veis.<\/p>\n<p>Sempre que aceder a dados pessoais a BEC, compromete-se a:<\/p>\n<p>&#8211; Armazen\u00e1-los por interm\u00e9dio de medidas de seguran\u00e7a, legalmente exig\u00edveis, de natureza t\u00e9cnica e\u00a0organizativa, que garantam a sua seguran\u00e7a, evitando assim a altera\u00e7\u00e3o, perda, tratamento ou acesso n\u00e3o\u00a0autorizado, em conformidade com o estado da tecnologia em cada momento, a natureza dos dados e os\u00a0poss\u00edveis riscos a que estejam expostos;<\/p>\n<p>&#8211; Utilizar os dados exclusivamente para as finalidades previamente definidas;<\/p>\n<p>&#8211; Certificar-se que os dados s\u00e3o tratados unicamente pelos colaboradores cuja interven\u00e7\u00e3o seja necess\u00e1ria\u00a0para satisfazer a solicita\u00e7\u00e3o do titular dos dados, estando os mesmos obrigados ao dever de sigilo e de\u00a0confidencialidade. Existindo a possibilidade de a informa\u00e7\u00e3o ser revelada a terceiros para os referidos fins,\u00a0estes devem ser obrigados a guardar a devida confidencialidade em conformidade com o previsto neste\u00a0documento.<\/p>\n<p>&nbsp;<\/p>\n<p><strong>Exerc\u00edcio dos Direitos<\/strong><\/p>\n<p>De acordo com o disposto na LDPD e no RGPD, o utilizador pode exercer a todo o tempo os seus direitos\u00a0de informa\u00e7\u00e3o, acesso, retifica\u00e7\u00e3o, apagamento, limita\u00e7\u00e3o, portabilidade e oposi\u00e7\u00e3o, atrav\u00e9s de solicita\u00e7\u00e3o\u00a0escrita dirigida \u00e0 BEC pelos seguintes meios:<\/p>\n<p>&#8211; Via postal para o endere\u00e7o: Parque Industrial de Celeir\u00f3s &#8211; 2\u00aa Fase, Rua de Gai\u00e3o, lote 7\/8, 4705, Braga<\/p>\n<p>&#8211; Email para o endere\u00e7o de correio electr\u00f3nico: bec@bec.com.pt<\/p>\n<p>&nbsp;<\/p>\n<p><strong>Autoridade de Controlo<\/strong><\/p>\n<p>Nos termos legais, o titular dos dados tem o direito de apresentar uma reclama\u00e7\u00e3o em mat\u00e9ria de\u00a0prote\u00e7\u00e3o de dados pessoais \u00e0 autoridade de controlo competente, a Comiss\u00e3o Nacional de Prote\u00e7\u00e3o de\u00a0Dados (CNPD) www.cnpd.pt<\/p>","protected":false},"excerpt":{"rendered":"<p>Pol\u00edtica de Privacidade &nbsp; Identifica\u00e7\u00e3o dos Respons\u00e1veis pelo Tratamento Nome: BEC &#8211; BRAGA, EQUIPAMENTOS DE CONSTRU\u00c7\u00c3O LDA (adiante designada como &#8220;BEC&#8221;) Sede: Parque Industrial de Celeir\u00f3s &#8211; 2\u00aa Fase, Rua&#8230;<\/p>","protected":false},"author":1,"featured_media":0,"parent":0,"menu_order":0,"comment_status":"closed","ping_status":"closed","template":"","meta":{"footnotes":""},"class_list":["post-1476","page","type-page","status-publish"],"_links":{"self":[{"href":"https:\/\/bec.com.pt\/fr\/wp-json\/wp\/v2\/pages\/1476","targetHints":{"allow":["GET"]}}],"collection":[{"href":"https:\/\/bec.com.pt\/fr\/wp-json\/wp\/v2\/pages"}],"about":[{"href":"https:\/\/bec.com.pt\/fr\/wp-json\/wp\/v2\/types\/page"}],"author":[{"embeddable":true,"href":"https:\/\/bec.com.pt\/fr\/wp-json\/wp\/v2\/users\/1"}],"replies":[{"embeddable":true,"href":"https:\/\/bec.com.pt\/fr\/wp-json\/wp\/v2\/comments?post=1476"}],"version-history":[{"count":5,"href":"https:\/\/bec.com.pt\/fr\/wp-json\/wp\/v2\/pages\/1476\/revisions"}],"predecessor-version":[{"id":3097,"href":"https:\/\/bec.com.pt\/fr\/wp-json\/wp\/v2\/pages\/1476\/revisions\/3097"}],"wp:attachment":[{"href":"https:\/\/bec.com.pt\/fr\/wp-json\/wp\/v2\/media?parent=1476"}],"curies":[{"name":"wp","href":"https:\/\/api.w.org\/{rel}","templated":true}]}}