{"id":2132,"date":"2022-01-16T17:45:21","date_gmt":"2022-01-16T17:45:21","guid":{"rendered":"https:\/\/bec.com.pt\/?page_id=2132"},"modified":"2024-05-20T12:08:47","modified_gmt":"2024-05-20T12:08:47","slug":"a-historia-da-bec","status":"publish","type":"page","link":"https:\/\/bec.com.pt\/en\/the-story-of-bec\/","title":{"rendered":"A Hist\u00f3ria da BEC"},"content":{"rendered":"<div id=\"fws_69f5d1c416116\"  data-column-margin=\"default\" data-midnight=\"dark\" data-top-percent=\"5%\"  class=\"wpb_row vc_row-fluid vc_row full-width-section\"  style=\"padding-top: calc(100vw * 0.05); padding-bottom: 0px; \"><div class=\"row-bg-wrap\" data-bg-animation=\"none\" data-bg-animation-delay=\"\" data-bg-overlay=\"false\"><div class=\"inner-wrap row-bg-layer\" ><div class=\"row-bg viewport-desktop using-bg-color\"  style=\"background-color: #ffffff; \"><\/div><\/div><div class=\"row-bg-overlay row-bg-layer\" style=\"background:linear-gradient(-90deg, rgb(242, 218, 200) 0%, rgb(255,255,255) 48%);\"><\/div><\/div><div class=\"row_col_wrap_12 col span_12 dark left\">\n\t<div  class=\"vc_col-sm-12 wpb_column column_container vc_column_container col has-animation no-extra-padding inherit_tablet inherit_phone\"  data-padding-pos=\"all\" data-has-bg-color=\"false\" data-bg-color=\"\" data-bg-opacity=\"1\" data-animation=\"fade-in-from-bottom\" data-delay=\"0\" >\n\t\t<div class=\"vc_column-inner\" >\n\t\t\t<div class=\"wpb_wrapper\">\n\t\t\t\t<div id=\"fws_69f5d1c417d4e\" data-midnight=\"\" data-column-margin=\"90px\" class=\"wpb_row vc_row-fluid vc_row inner_row\"  style=\"\"><div class=\"row-bg-wrap\"> <div class=\"row-bg\" ><\/div> <\/div><div class=\"row_col_wrap_12_inner col span_12  left\">\n\t<div  class=\"vc_col-sm-8 wpb_column column_container vc_column_container col child_column has-animation padding-3-percent inherit_tablet inherit_phone\"   data-padding-pos=\"top-bottom\" data-has-bg-color=\"false\" data-bg-color=\"\" data-bg-opacity=\"1\" data-animation=\"fade-in-from-bottom\" data-delay=\"0\" >\n\t\t<div class=\"vc_column-inner\" >\n\t\t<div class=\"wpb_wrapper\">\n\t\t\t<div class=\"nectar-highlighted-text\" data-style=\"half_text\" data-exp=\"default\" data-user-color=\"true\" style=\"color: #003b51;\" data-using-custom-color=\"true\" data-animation-delay=\"false\" data-color=\"#003b51\" data-color-gradient=\"rgba(255,107,48,0.01)\"><h1>The history of BEC<\/h1>\n<\/div><div class=\"divider-wrap\" data-alignment=\"default\"><div style=\"height: 25px;\" class=\"divider\"><\/div><\/div>\n<div class=\"wpb_text_column wpb_content_element  vc_custom_1647011107074\" >\n\t<div class=\"wpb_wrapper\">\n\t\t<p>BEC emerges from the will to answer to a concept that was undeveloped in 1996, interior design and the creation of global construction solutions.<br \/>\nIt was this positioning that aroused particular interest from national and international architects. This trust from customers and partners has been maintained for over 25 years, being a huge pride for BEC.<\/p>\n\t<\/div>\n<\/div>\n\n\n\n\n<div class=\"wpb_text_column wpb_content_element  vc_custom_1644430173719\" >\n\t<div class=\"wpb_wrapper\">\n\t\t<p>Benefiting from the geographical location of its facilities in Braga, in the north of Portugal, and from the close links with the best qualified artisans, BEC has solid partnerships and holdings in companies from various sectors, such as electricity, air conditioning, decorative metalwork, marble and natural stones, that made it possible to answer to the most demanding challenges.<\/p>\n<p>During the first years, at a time of great expansion of shopping centers in Portugal, the company's growth came from the retail area. A close relationship with this area induced in the company's structure a strong awareness of compliance with deadlines and great attention to detail. In 2010, BEC's strategy aligned with a new direction, now also focusing on residential and hospitality. This growth reinforced the company's expansion and internationalization and allowed the evolution of specialized departments that gave rise to new independent structures, namely BEC-Carpintaria, BEC-Climatiza\u00e7\u00e3o (Climatization  AVAC), BEC France and ConstruBEC in Morocco, and a new technical assistance department that extends the relationship with customers beyond the end of each project, guaranteeing a unique service.<\/p>\n<p>Over the years, BEC has reached clients in Europe and other parts of the world and all of them choose BEC as their favorite in the execution and management of interior design project. To respond to the administrative needs and to be closer to international operations, company branches were created in France, United Kingdom and Morocco.<\/p>\n\t<\/div>\n<\/div>\n\n\n\n\n\t\t<\/div> \n\t<\/div>\n\t<\/div> \n\n\t<div style=\" color: #8f511f;\" class=\"vc_col-sm-4 wpb_column column_container vc_column_container col child_column has-animation padding-3-percent bottom_margin_phone_7pct inherit_tablet inherit_phone\" data-cfc=\"true\"  data-padding-pos=\"top-bottom\" data-has-bg-color=\"false\" data-bg-color=\"\" data-bg-opacity=\"1\" data-animation=\"fade-in-from-bottom\" data-delay=\"100\" >\n\t\t<div class=\"vc_column-inner\" >\n\t\t<div class=\"wpb_wrapper\">\n\t\t\t<div class=\"divider-wrap height_tablet_10px\" data-alignment=\"default\"><div style=\"height: 100px;\" class=\"divider\"><\/div><\/div><div class=\"nectar-hor-list-item\" data-hover-effect=\"none\" data-br=\"0px\" data-font-family=\"p\" data-color=\"accent-color\" data-columns=\"2\" data-column-layout=\"xsmall_first\"><div class=\"nectar-list-item\" data-icon=\"false\" data-text-align=\"left\">1996<\/div><div class=\"nectar-list-item\" data-text-align=\"left\"><h5>Foundation of BEC<\/h5><\/div><\/div><div class=\"nectar-hor-list-item\" data-hover-effect=\"none\" data-br=\"0px\" data-font-family=\"p\" data-color=\"accent-color\" data-columns=\"2\" data-column-layout=\"xsmall_first\"><div class=\"nectar-list-item\" data-icon=\"false\" data-text-align=\"left\">2001<\/div><div class=\"nectar-list-item\" data-text-align=\"left\"><h5>First international work<\/h5><\/div><\/div><div class=\"nectar-hor-list-item\" data-hover-effect=\"none\" data-br=\"0px\" data-font-family=\"p\" data-color=\"accent-color\" data-columns=\"2\" data-column-layout=\"xsmall_first\"><div class=\"nectar-list-item\" data-icon=\"false\" data-text-align=\"left\">2007<\/div><div class=\"nectar-list-item\" data-text-align=\"left\"><h5>Entry into the English market<\/h5><\/div><\/div><div class=\"nectar-hor-list-item\" data-hover-effect=\"none\" data-br=\"0px\" data-font-family=\"p\" data-color=\"accent-color\" data-columns=\"2\" data-column-layout=\"xsmall_first\"><div class=\"nectar-list-item\" data-icon=\"false\" data-text-align=\"left\">2008<\/div><div class=\"nectar-list-item\" data-text-align=\"left\"><h5>Opening of new facilities and a 3500 m\u00b2 manufacturing unit<\/h5><\/div><\/div><div class=\"nectar-hor-list-item\" data-hover-effect=\"none\" data-br=\"0px\" data-font-family=\"p\" data-color=\"accent-color\" data-columns=\"2\" data-column-layout=\"xsmall_first\"><div class=\"nectar-list-item\" data-icon=\"false\" data-text-align=\"left\">2008<\/div><div class=\"nectar-list-item\" data-text-align=\"left\"><h5>Certification by the NP EN ISO 9001 standard<\/h5><\/div><\/div><div class=\"nectar-hor-list-item\" data-hover-effect=\"none\" data-br=\"0px\" data-font-family=\"p\" data-color=\"accent-color\" data-columns=\"2\" data-column-layout=\"xsmall_first\"><div class=\"nectar-list-item\" data-icon=\"false\" data-text-align=\"left\">2010<\/div><div class=\"nectar-list-item\" data-text-align=\"left\"><h5>Entry into the French market<\/h5><\/div><\/div><div class=\"nectar-hor-list-item\" data-hover-effect=\"none\" data-br=\"0px\" data-font-family=\"p\" data-color=\"accent-color\" data-columns=\"2\" data-column-layout=\"xsmall_first\"><div class=\"nectar-list-item\" data-icon=\"false\" data-text-align=\"left\">2014<\/div><div class=\"nectar-list-item\" data-text-align=\"left\"><h5>Entry into the Moroccan market<\/h5><\/div><\/div><div class=\"nectar-hor-list-item\" data-hover-effect=\"none\" data-br=\"0px\" data-font-family=\"p\" data-color=\"accent-color\" data-columns=\"2\" data-column-layout=\"xsmall_first\"><div class=\"nectar-list-item\" data-icon=\"false\" data-text-align=\"left\">2015<\/div><div class=\"nectar-list-item\" data-text-align=\"left\"><h5>Creation of BEC France in France, with offices in Paris<\/h5><\/div><\/div><div class=\"nectar-hor-list-item\" data-hover-effect=\"none\" data-br=\"0px\" data-font-family=\"p\" data-color=\"accent-color\" data-columns=\"2\" data-column-layout=\"xsmall_first\"><div class=\"nectar-list-item\" data-icon=\"false\" data-text-align=\"left\">2015<\/div><div class=\"nectar-list-item\" data-text-align=\"left\"><h5>Creation of ConstruBEC in Morocco<\/h5><\/div><\/div><div class=\"nectar-hor-list-item\" data-hover-effect=\"none\" data-br=\"0px\" data-font-family=\"p\" data-color=\"accent-color\" data-columns=\"2\" data-column-layout=\"xsmall_first\"><div class=\"nectar-list-item\" data-icon=\"false\" data-text-align=\"left\">2015<\/div><div class=\"nectar-list-item\" data-text-align=\"left\"><h5>Beginning of the partnership with AD Int\u00e9rieurs<\/h5><\/div><\/div><div class=\"nectar-hor-list-item\" data-hover-effect=\"none\" data-br=\"0px\" data-font-family=\"p\" data-color=\"accent-color\" data-columns=\"2\" data-column-layout=\"xsmall_first\"><div class=\"nectar-list-item\" data-icon=\"false\" data-text-align=\"left\">2019<\/div><div class=\"nectar-list-item\" data-text-align=\"left\"><h5>Opening of a branch in London, UK<\/h5><\/div><\/div>\n\t\t<\/div> \n\t<\/div>\n\t<\/div> \n<\/div><\/div>\n\t\t\t<\/div> \n\t\t<\/div>\n\t<\/div> \n<\/div><\/div>\n\t\t<div id=\"fws_69f5d1c41d9b8\"  data-column-margin=\"none\" data-midnight=\"dark\" data-top-percent=\"2%\"  class=\"wpb_row vc_row-fluid vc_row full-width-content vc_row-o-equal-height vc_row-flex vc_row-o-content-top parallax_section right_padding_7pct left_padding_7pct right_padding_tablet_17pct right_padding_phone_14pct left_padding_tablet_17pct left_padding_phone_14pct top_margin_tablet_15pct top_margin_phone_15pct\"  style=\"padding-top: calc(100vw * 0.02); padding-bottom: 0px; \"><div class=\"row-bg-wrap\" data-bg-animation=\"none\" data-bg-animation-delay=\"\" data-bg-overlay=\"false\"><div class=\"inner-wrap row-bg-layer\" ><div class=\"row-bg viewport-desktop\" data-parallax-speed=\"fast\" style=\"\"><\/div><\/div><div class=\"row-bg-overlay row-bg-layer\" style=\"\"><\/div><\/div><div class=\"row_col_wrap_12 col span_12 dark left\">\n\t<div  class=\"vc_col-sm-6 wpb_column column_container vc_column_container col no-extra-padding el_spacing_0px inherit_tablet inherit_phone\"  data-padding-pos=\"all\" data-has-bg-color=\"false\" data-bg-color=\"\" data-bg-opacity=\"1\" data-animation=\"\" data-delay=\"0\" data-scroll-animation=\"true\" data-scroll-animation-movement=\"default\" data-scroll-animation-mobile=\"\" data-scroll-animation-intensity=\"1\" >\n\t\t<div class=\"vc_column-inner\" >\n\t\t\t<div class=\"wpb_wrapper\">\n\t\t\t\t<div id=\"fws_69f5d1c41e5e1\" data-midnight=\"\" data-column-margin=\"none\" class=\"wpb_row vc_row-fluid vc_row inner_row  bottom_padding_tablet_8pct\"  style=\"\"><div class=\"row-bg-wrap\"> <div class=\"row-bg\" ><\/div> <\/div><div class=\"row_col_wrap_12_inner col span_12  left\">\n\t<div style=\"\" class=\"vc_col-sm-12 wpb_column column_container vc_column_container col child_column no-extra-padding inherit_tablet inherit_phone\"  data-using-bg=\"true\" data-bg-cover=\"true\" data-padding-pos=\"all\" data-has-bg-color=\"false\" data-bg-color=\"\" data-bg-opacity=\"1\" data-animation=\"\" data-delay=\"0\" >\n\t\t<div class=\"vc_column-inner\" ><div class=\"column-image-bg-wrap column-bg-layer viewport-desktop\" data-bg-pos=\"center center\" data-bg-animation=\"none\" data-bg-overlay=\"false\"><div class=\"inner-wrap\"><div class=\"column-image-bg\" style=\" background-image: url('https:\/\/bec.com.pt\/wp-content\/uploads\/2022\/02\/2019_CSMRDC_SAINTTROPEZ_141.jpg'); \"><\/div><\/div><\/div>\n\t\t<div class=\"wpb_wrapper\">\n\t\t\t<div class=\"divider-wrap height_tablet_400px\" data-alignment=\"default\"><div style=\"height: 80vh;\" class=\"divider\"><\/div><\/div>\n\t\t<\/div> \n\t<\/div>\n\t<\/div> \n<\/div><\/div><div id=\"fws_69f5d1c420149\" data-midnight=\"\" data-column-margin=\"default\" class=\"wpb_row vc_row-fluid vc_row inner_row  top_padding_tablet_0px top_padding_phone_0px\"  style=\"padding-bottom: 8px; \"><div class=\"row-bg-wrap\"> <div class=\"row-bg\" ><\/div> <\/div><div class=\"row_col_wrap_12_inner col span_12  left\">\n\t<div style=\" color: #8f511f;margin-top: 8%; \" class=\"vc_col-sm-12 wpb_column column_container vc_column_container col child_column no-extra-padding inherit_tablet inherit_phone\" data-cfc=\"true\"  data-padding-pos=\"all\" data-has-bg-color=\"false\" data-bg-color=\"\" data-bg-opacity=\"1\" data-animation=\"\" data-delay=\"0\" >\n\t\t<div class=\"vc_column-inner\" >\n\t\t<div class=\"wpb_wrapper\">\n\t\t\t\n<div class=\"wpb_text_column wpb_content_element\" >\n\t<div class=\"wpb_wrapper\">\n\t\t<h5>The founder of BEC<\/h5>\n\t<\/div>\n<\/div>\n\n\n\n\n\t\t<\/div> \n\t<\/div>\n\t<\/div> \n<\/div><\/div><div id=\"fws_69f5d1c420e52\" data-midnight=\"\" data-column-margin=\"default\" class=\"wpb_row vc_row-fluid vc_row inner_row\"  style=\"\"><div class=\"row-bg-wrap\"> <div class=\"row-bg\" ><\/div> <\/div><div class=\"row_col_wrap_12_inner col span_12  left\">\n\t<div  class=\"vc_col-sm-12 wpb_column column_container vc_column_container col child_column no-extra-padding el_spacing_0px inherit_tablet inherit_phone\"   data-padding-pos=\"all\" data-has-bg-color=\"false\" data-bg-color=\"\" data-bg-opacity=\"1\" data-animation=\"\" data-delay=\"0\" >\n\t\t<div class=\"vc_column-inner\" >\n\t\t<div class=\"wpb_wrapper\">\n\t\t\t<div class=\"nectar-highlighted-text font_size_2.5vw\" data-style=\"half_text\" data-exp=\"default\" data-user-color=\"true\" style=\"color: #003b51;\" data-using-custom-color=\"true\" data-animation-delay=\"false\" data-color=\"#003b51\" data-color-gradient=\"rgba(255,107,48,0.01)\"><h1>Paulo Baptista<\/h1>\n<\/div>\n\t\t<\/div> \n\t<\/div>\n\t<\/div> \n<\/div><\/div><div id=\"fws_69f5d1c421cce\" data-midnight=\"\" data-column-margin=\"default\" class=\"wpb_row vc_row-fluid vc_row inner_row  bottom_padding_phone_12pct\"  style=\"padding-top: 2%;  z-index: 100;\"><div class=\"row-bg-wrap\"> <div class=\"row-bg\" ><\/div> <\/div><div class=\"row_col_wrap_12_inner col span_12  left\">\n\t<div  class=\"vc_col-sm-12 wpb_column column_container vc_column_container col child_column has-animation no-extra-padding inherit_tablet inherit_phone\"   data-padding-pos=\"all\" data-has-bg-color=\"false\" data-bg-color=\"\" data-bg-opacity=\"1\" data-animation=\"fade-in-from-bottom\" data-delay=\"0\" >\n\t\t<div class=\"vc_column-inner\" >\n\t\t<div class=\"wpb_wrapper\">\n\t\t\t<div class=\"nectar-split-heading  font_line_height_1-7\" data-align=\"default\" data-m-align=\"inherit\" data-text-effect=\"none\" data-animation-type=\"line-reveal-by-space\" data-animation-delay=\"0\" data-animation-offset=\"\" data-m-rm-animation=\"\" data-stagger=\"\" data-custom-font-size=\"false\" ><p >In 1996, after five years of experience in the construction industry, Paulo Baptista, an engineer by training and the son of a carpenter, founded a company capable of offering turnkey projects with decor and furniture included, combining his passion for interior architecture to his academic training. Thus, BEC was born.<\/p>\n<p>In addition to founding his own company, Paulo Baptista allied himself with strategic partners and took on stakes in electricity, air conditioning, decorative metalwork, marble, and natural stone companies. To meet the high-quality standards demanded by customers, he understood that BEC should have its own carpentry unit to fully control all production details. From his father's work, he learned the importance of details and from his experience in construction, the importance and ability to meet deadlines.<\/p>\n<p>Fashion brands, restaurants, and architects, value his competence in all crafts, with deadlines and budgets met, combined with his transparency, reliability, and flexibility, which are some of the qualities mentioned by the interior architects who choose BEC.<\/p><\/div>\n\t\t<\/div> \n\t<\/div>\n\t<\/div> \n<\/div><\/div>\n\t\t\t<\/div> \n\t\t<\/div>\n\t<\/div> \n\n\t<div  class=\"vc_col-sm-6 wpb_column column_container vc_column_container col padding-14-percent no-extra-padding_tablet no-extra-padding_phone\"  data-padding-pos=\"left\" data-has-bg-color=\"false\" data-bg-color=\"\" data-bg-opacity=\"1\" data-animation=\"\" data-delay=\"0\" data-scroll-animation=\"true\" data-scroll-animation-movement=\"default\" data-scroll-animation-mobile=\"\" data-scroll-animation-intensity=\"2-5\" >\n\t\t<div class=\"vc_column-inner\" >\n\t\t\t<div class=\"wpb_wrapper\">\n\t\t\t\t<div id=\"fws_69f5d1c422b4e\" data-midnight=\"\" data-column-margin=\"default\" class=\"wpb_row vc_row-fluid vc_row inner_row  top_padding_tablet_12pct top_padding_phone_0px\"  style=\"padding-bottom: 8px; \"><div class=\"row-bg-wrap\"> <div class=\"row-bg\" ><\/div> <\/div><div class=\"row_col_wrap_12_inner col span_12  left\">\n\t<div style=\" color: #8f511f;\" class=\"vc_col-sm-12 wpb_column column_container vc_column_container col child_column no-extra-padding inherit_tablet inherit_phone\" data-cfc=\"true\"  data-padding-pos=\"all\" data-has-bg-color=\"false\" data-bg-color=\"\" data-bg-opacity=\"1\" data-animation=\"\" data-delay=\"0\" >\n\t\t<div class=\"vc_column-inner\" >\n\t\t<div class=\"wpb_wrapper\">\n\t\t\t\n<div class=\"wpb_text_column wpb_content_element\" >\n\t<div class=\"wpb_wrapper\">\n\t\t<h5>Solutions<\/h5>\n\t<\/div>\n<\/div>\n\n\n\n\n\t\t<\/div> \n\t<\/div>\n\t<\/div> \n<\/div><\/div><div id=\"fws_69f5d1c42317d\" data-midnight=\"\" data-column-margin=\"default\" class=\"wpb_row vc_row-fluid vc_row inner_row\"  style=\"\"><div class=\"row-bg-wrap\"> <div class=\"row-bg\" ><\/div> <\/div><div class=\"row_col_wrap_12_inner col span_12  left\">\n\t<div  class=\"vc_col-sm-12 wpb_column column_container vc_column_container col child_column no-extra-padding el_spacing_0px inherit_tablet inherit_phone\"   data-padding-pos=\"all\" data-has-bg-color=\"false\" data-bg-color=\"\" data-bg-opacity=\"1\" data-animation=\"\" data-delay=\"0\" >\n\t\t<div class=\"vc_column-inner\" >\n\t\t<div class=\"wpb_wrapper\">\n\t\t\t<div class=\"nectar-highlighted-text font_size_2.5vw\" data-style=\"half_text\" data-exp=\"default\" data-user-color=\"true\" style=\"color: #003b51;\" data-using-custom-color=\"true\" data-animation-delay=\"false\" data-color=\"#003b51\" data-color-gradient=\"rgba(255,107,48,0.01)\"><h1>Authentic and exclusive<\/h1>\n<\/div>\n\t\t<\/div> \n\t<\/div>\n\t<\/div> \n<\/div><\/div><div id=\"fws_69f5d1c4238da\" data-midnight=\"\" data-column-margin=\"default\" class=\"wpb_row vc_row-fluid vc_row inner_row\"  style=\"padding-top: 4%;  z-index: 100;\"><div class=\"row-bg-wrap\"> <div class=\"row-bg\" ><\/div> <\/div><div class=\"row_col_wrap_12_inner col span_12  left\">\n\t<div  class=\"vc_col-sm-12 wpb_column column_container vc_column_container col child_column has-animation no-extra-padding inherit_tablet inherit_phone\"   data-padding-pos=\"all\" data-has-bg-color=\"false\" data-bg-color=\"\" data-bg-opacity=\"1\" data-animation=\"fade-in-from-bottom\" data-delay=\"0\" >\n\t\t<div class=\"vc_column-inner\" >\n\t\t<div class=\"wpb_wrapper\">\n\t\t\t<div class=\"nectar-split-heading  font_line_height_1-7\" data-align=\"default\" data-m-align=\"inherit\" data-text-effect=\"none\" data-animation-type=\"line-reveal-by-space\" data-animation-delay=\"0\" data-animation-offset=\"\" data-m-rm-animation=\"\" data-stagger=\"\" data-custom-font-size=\"false\" ><p >Today BEC is a certified company and has an innovative production unit, more than 60 professionals and 3,500m2 with state-of-the-art equipment. Wood, iron, stainless steel, aluminum, glass, leather, fabrics, acrylic, are some of the raw materials carefully selected by specialized professionals who materialize the ideas and projects developed in national and international reference architectural offices and ateliers. Perfecting and presenting innovative solutions and products every day, always aiming to highlighting quality, design, and functionality. The results translate into authenticity and exclusivity, both in terms of solutions, excellent finishes, and communication throughout each project, which demonstrate BEC's ability to organize and integrate different teams.<\/p><\/div><div class=\"divider-wrap\" data-alignment=\"default\"><div style=\"padding-top: 17px; padding-bottom: 17px;\"  class=\"divider-vertical nectar-bg-extra-color-3\"><\/div><\/div><div class=\"nectar-split-heading  font_line_height_1-7\" data-align=\"left\" data-m-align=\"inherit\" data-text-effect=\"none\" data-animation-type=\"line-reveal-by-space\" data-animation-delay=\"0\" data-animation-offset=\"\" data-m-rm-animation=\"\" data-stagger=\"\" data-custom-font-size=\"false\" ><p >In the coming years, BEC will continue to invest in innovation and expansion, not only for international markets but also in new facilities with 5500m2, which will house the company's headquarters and new internal industrial units for carpentry, joinery, and decorative metalwork.<\/p><\/div>\n\t\t<\/div> \n\t<\/div>\n\t<\/div> \n<\/div><\/div><div id=\"fws_69f5d1c42e5e6\" data-midnight=\"\" data-column-margin=\"none\" class=\"wpb_row vc_row-fluid vc_row inner_row  bottom_padding_tablet_8pct\"  style=\"padding-top: 10%; \"><div class=\"row-bg-wrap\"> <div class=\"row-bg\" ><\/div> <\/div><div class=\"row_col_wrap_12_inner col span_12  left\">\n\t<div style=\"\" class=\"vc_col-sm-12 wpb_column column_container vc_column_container col child_column no-extra-padding inherit_tablet inherit_phone\"  data-using-bg=\"true\" data-bg-cover=\"true\" data-padding-pos=\"all\" data-has-bg-color=\"false\" data-bg-color=\"\" data-bg-opacity=\"1\" data-animation=\"\" data-delay=\"0\" >\n\t\t<div class=\"vc_column-inner\" ><div class=\"column-image-bg-wrap column-bg-layer viewport-desktop\" data-bg-pos=\"center center\" data-bg-animation=\"none\" data-bg-overlay=\"false\"><div class=\"inner-wrap\"><div class=\"column-image-bg\" style=\" background-image: url('https:\/\/bec.com.pt\/wp-content\/uploads\/2022\/02\/2020_CURA_LISBOA_048.jpg'); \"><\/div><\/div><\/div>\n\t\t<div class=\"wpb_wrapper\">\n\t\t\t<div class=\"divider-wrap height_tablet_400px\" data-alignment=\"default\"><div style=\"height: 70vh;\" class=\"divider\"><\/div><\/div>\n\t\t<\/div> \n\t<\/div>\n\t<\/div> \n<\/div><\/div>\n\t\t\t<\/div> \n\t\t<\/div>\n\t<\/div> \n<\/div><\/div>\n\t\t<div id=\"fws_69f5d1c42f856\"  data-column-margin=\"default\" data-midnight=\"dark\"  class=\"wpb_row vc_row-fluid vc_row\"  style=\"padding-top: 0px; padding-bottom: 0px; \"><div class=\"row-bg-wrap\" data-bg-animation=\"none\" data-bg-animation-delay=\"\" data-bg-overlay=\"false\"><div class=\"inner-wrap row-bg-layer\" ><div class=\"row-bg viewport-desktop\"  style=\"\"><\/div><\/div><\/div><div class=\"row_col_wrap_12 col span_12 dark left\">\n\t<div  class=\"vc_col-sm-12 wpb_column column_container vc_column_container col no-extra-padding inherit_tablet inherit_phone\"  data-padding-pos=\"all\" data-has-bg-color=\"false\" data-bg-color=\"\" data-bg-opacity=\"1\" data-animation=\"\" data-delay=\"0\" >\n\t\t<div class=\"vc_column-inner\" >\n\t\t\t<div class=\"wpb_wrapper\">\n\t\t\t\t\n\t\t\t<\/div> \n\t\t<\/div>\n\t<\/div> \n<\/div><\/div>","protected":false},"excerpt":{"rendered":"A hist\u00f3ria da BEC A BEC surge da necessidade em responder a um conceito pouco desenvolvido em 1996, o interiorismo e a cria\u00e7\u00e3o de solu\u00e7\u00f5es globais para os seus clientes....","protected":false},"author":1,"featured_media":0,"parent":0,"menu_order":0,"comment_status":"closed","ping_status":"closed","template":"","meta":{"footnotes":""},"class_list":["post-2132","page","type-page","status-publish"],"_links":{"self":[{"href":"https:\/\/bec.com.pt\/en\/wp-json\/wp\/v2\/pages\/2132","targetHints":{"allow":["GET"]}}],"collection":[{"href":"https:\/\/bec.com.pt\/en\/wp-json\/wp\/v2\/pages"}],"about":[{"href":"https:\/\/bec.com.pt\/en\/wp-json\/wp\/v2\/types\/page"}],"author":[{"embeddable":true,"href":"https:\/\/bec.com.pt\/en\/wp-json\/wp\/v2\/users\/1"}],"replies":[{"embeddable":true,"href":"https:\/\/bec.com.pt\/en\/wp-json\/wp\/v2\/comments?post=2132"}],"version-history":[{"count":189,"href":"https:\/\/bec.com.pt\/en\/wp-json\/wp\/v2\/pages\/2132\/revisions"}],"predecessor-version":[{"id":2134,"href":"https:\/\/bec.com.pt\/en\/wp-json\/wp\/v2\/pages\/2132\/revisions\/2134"}],"wp:attachment":[{"href":"https:\/\/bec.com.pt\/en\/wp-json\/wp\/v2\/media?parent=2132"}],"curies":[{"name":"wp","href":"https:\/\/api.w.org\/{rel}","templated":true}]}}